{"id":2673,"date":"2021-04-11T14:48:37","date_gmt":"2021-04-11T20:48:37","guid":{"rendered":"https:\/\/www.campero.com\/sincuenta\/?page_id=2673"},"modified":"2021-10-21T13:50:03","modified_gmt":"2021-10-21T19:50:03","slug":"promociones","status":"publish","type":"page","link":"https:\/\/www.campero.com\/sincuenta\/?page_id=2673","title":{"rendered":"Promociones"},"content":{"rendered":"\t\t<div data-elementor-type=\"wp-page\" data-elementor-id=\"2673\" class=\"elementor elementor-2673\" data-elementor-settings=\"[]\">\r\n\t\t\t\t\t\t\t<div class=\"elementor-section-wrap\">\r\n\t\t\t\t\t\t\t<section class=\"elementor-section elementor-top-section elementor-element elementor-element-9370f76 elementor-section-full_width snow-bg-bk elementor-section-height-default elementor-section-height-default\" data-id=\"9370f76\" data-element_type=\"section\">\r\n\t\t\t\t\t\t<div class=\"elementor-container elementor-column-gap-no\">\r\n\t\t\t\t\t<div class=\"elementor-column elementor-col-100 elementor-top-column elementor-element elementor-element-762ad06\" data-id=\"762ad06\" data-element_type=\"column\">\r\n\t\t\t<div class=\"elementor-widget-wrap elementor-element-populated\">\r\n\t\t\t\t\t\t\t\t<div class=\"elementor-element elementor-element-0a80270 elementor-widget elementor-widget-premium-carousel-widget\" data-id=\"0a80270\" data-element_type=\"widget\" data-widget_type=\"premium-carousel-widget.default\">\r\n\t\t\t\t<div class=\"elementor-widget-container\">\r\n\t\t\t\r\n\t\t<div id=\"premium-carousel-wrapper-0a80270\" class=\"premium-carousel-wrapper carousel-wrapper-0a80270   premium-carousel-dots-below\" data-settings=\"{&quot;vertical&quot;:false,&quot;slidesToScroll&quot;:1,&quot;slidesToShow&quot;:1,&quot;infinite&quot;:true,&quot;speed&quot;:300,&quot;fade&quot;:false,&quot;autoplay&quot;:true,&quot;autoplaySpeed&quot;:5000,&quot;draggable&quot;:true,&quot;touchMove&quot;:true,&quot;rtl&quot;:false,&quot;adaptiveHeight&quot;:false,&quot;pauseOnHover&quot;:false,&quot;centerMode&quot;:false,&quot;centerPadding&quot;:&quot;15px&quot;,&quot;arrows&quot;:true,&quot;dots&quot;:true,&quot;slidesDesk&quot;:1,&quot;slidesTab&quot;:1,&quot;slidesMob&quot;:1,&quot;animation&quot;:&quot;null&quot;,&quot;tabletBreak&quot;:1025,&quot;mobileBreak&quot;:768,&quot;navigation&quot;:[&quot;&quot;,&quot;&quot;]}\">\r\n\t\t\t\t\t\t\t<div class=\"premium-carousel-nav-dot\">\r\n\t\t\t\t\t\t\t\t\t<i class=\"fas fa-circle\" aria-hidden=\"true\"><\/i>\r\n\t\t\t\t\t\t\t\t\t<\/div>\r\n\t\t\t\t\t\t\t\t\t\t<div class=\"premium-carousel-nav-arrow-prev\">\r\n\t\t\t\t\t<a type=\"button\" data-role=\"none\" class=\"carousel-arrow carousel-prev\" aria-label=\"Previous\" role=\"button\">\r\n\t\t\t\t\t\t\t\t\t\t\t\t<i class=\"fas fa-angle-left\" aria-hidden=\"true\"><\/i>\r\n\t\t\t\t\t\t\t\t\t\t\t<\/a>\r\n\t\t\t\t<\/div>\r\n\t\t\t\t<div class=\"premium-carousel-nav-arrow-next\">\r\n\t\t\t\t\t<a type=\"button\" data-role=\"none\" class=\"carousel-arrow carousel-next\" aria-label=\"Next\" role=\"button\">\r\n\t\t\t\t\t\t\t\t\t\t\t\t<i class=\"fas fa-angle-right\" aria-hidden=\"true\"><\/i>\r\n\t\t\t\t\t\t\t\t\t\t\t<\/a>\r\n\t\t\t\t<\/div>\r\n\t\t\t\t\t\t<div id=\"premium-carousel-0a80270\" class=\"premium-carousel-inner\">\r\n\t\t\t\t\t\t\t\t\t\t<div class=\"premium-carousel-template item-wrapper\">\r\n\t\t\t\t\t\t\t<style>.elementor-9464 .elementor-element.elementor-element-fefd76e > .elementor-widget-wrap > .elementor-widget:not(.elementor-widget__width-auto):not(.elementor-widget__width-initial):not(:last-child):not(.elementor-absolute){margin-bottom:0px;}.elementor-9464 .elementor-element.elementor-element-aab04b4 img{width:100%;}.elementor-9464 .elementor-element.elementor-element-8fce33f img{width:100%;}<\/style>\t\t<div data-elementor-type=\"section\" data-elementor-id=\"9464\" class=\"elementor elementor-9464\" data-elementor-settings=\"[]\">\r\n\t\t<div class=\"elementor-section-wrap\">\r\n\t\t\t\t\t<section class=\"elementor-section elementor-top-section elementor-element elementor-element-f0bac4c elementor-section-full_width elementor-section-height-default elementor-section-height-default\" data-id=\"f0bac4c\" data-element_type=\"section\">\r\n\t\t\t\t\t\t<div class=\"elementor-container elementor-column-gap-no\">\r\n\t\t\t\t\t<div class=\"elementor-column elementor-col-100 elementor-top-column elementor-element elementor-element-fefd76e\" data-id=\"fefd76e\" data-element_type=\"column\">\r\n\t\t\t<div class=\"elementor-widget-wrap elementor-element-populated\">\r\n\t\t\t\t\t\t\t\t<div class=\"elementor-element elementor-element-aab04b4 elementor-hidden-phone elementor-widget elementor-widget-image\" data-id=\"aab04b4\" data-element_type=\"widget\" data-widget_type=\"image.default\">\r\n\t\t\t\t<div class=\"elementor-widget-container\">\r\n\t\t\t\t\t\t\t\t\t\t\t\t\t\t\t<img width=\"1400\" height=\"700\" src=\"https:\/\/www.campero.com\/sincuenta\/wp-content\/uploads\/2021\/10\/SV-V5-Banquetazo-Banner1440x700.png\" class=\"attachment-full size-full\" alt=\"\" loading=\"lazy\" srcset=\"https:\/\/www.campero.com\/sincuenta\/wp-content\/uploads\/2021\/10\/SV-V5-Banquetazo-Banner1440x700.png 1400w, https:\/\/www.campero.com\/sincuenta\/wp-content\/uploads\/2021\/10\/SV-V5-Banquetazo-Banner1440x700-300x150.png 300w, https:\/\/www.campero.com\/sincuenta\/wp-content\/uploads\/2021\/10\/SV-V5-Banquetazo-Banner1440x700-1024x512.png 1024w, https:\/\/www.campero.com\/sincuenta\/wp-content\/uploads\/2021\/10\/SV-V5-Banquetazo-Banner1440x700-768x384.png 768w\" sizes=\"(max-width: 1400px) 100vw, 1400px\" \/>\t\t\t\t\t\t\t\t\t\t\t\t\t\t\t<\/div>\r\n\t\t\t\t<\/div>\r\n\t\t\t\t<div class=\"elementor-element elementor-element-8fce33f elementor-hidden-desktop elementor-hidden-tablet elementor-widget elementor-widget-image\" data-id=\"8fce33f\" data-element_type=\"widget\" data-widget_type=\"image.default\">\r\n\t\t\t\t<div class=\"elementor-widget-container\">\r\n\t\t\t\t\t\t\t\t\t\t\t\t\t\t\t<img width=\"414\" height=\"600\" src=\"https:\/\/www.campero.com\/sincuenta\/wp-content\/uploads\/2021\/10\/SV-V5-Banquetazo-Banner414x600.png\" class=\"attachment-full size-full\" alt=\"\" loading=\"lazy\" srcset=\"https:\/\/www.campero.com\/sincuenta\/wp-content\/uploads\/2021\/10\/SV-V5-Banquetazo-Banner414x600.png 414w, https:\/\/www.campero.com\/sincuenta\/wp-content\/uploads\/2021\/10\/SV-V5-Banquetazo-Banner414x600-207x300.png 207w\" sizes=\"(max-width: 414px) 100vw, 414px\" \/>\t\t\t\t\t\t\t\t\t\t\t\t\t\t\t<\/div>\r\n\t\t\t\t<\/div>\r\n\t\t\t\t\t<\/div>\r\n\t\t<\/div>\r\n\t\t\t\t\t\t\t<\/div>\r\n\t\t<\/section>\r\n\t\t\t\t<\/div>\r\n\t\t<\/div>\r\n\t\t\t\t\t\t\t\t<\/div>\r\n\t\t\t\t\t\t\t\t\t\t\t\t<div class=\"premium-carousel-template item-wrapper\">\r\n\t\t\t\t\t\t\t<style>.elementor-9467 .elementor-element.elementor-element-fefd76e > .elementor-widget-wrap > .elementor-widget:not(.elementor-widget__width-auto):not(.elementor-widget__width-initial):not(:last-child):not(.elementor-absolute){margin-bottom:0px;}.elementor-9467 .elementor-element.elementor-element-aab04b4 img{width:100%;}.elementor-9467 .elementor-element.elementor-element-8fce33f img{width:100%;}<\/style>\t\t<div data-elementor-type=\"section\" data-elementor-id=\"9467\" class=\"elementor elementor-9467\" data-elementor-settings=\"[]\">\r\n\t\t<div class=\"elementor-section-wrap\">\r\n\t\t\t\t\t<section class=\"elementor-section elementor-top-section elementor-element elementor-element-f0bac4c elementor-section-full_width elementor-section-height-default elementor-section-height-default\" data-id=\"f0bac4c\" data-element_type=\"section\">\r\n\t\t\t\t\t\t<div class=\"elementor-container elementor-column-gap-no\">\r\n\t\t\t\t\t<div class=\"elementor-column elementor-col-100 elementor-top-column elementor-element elementor-element-fefd76e\" data-id=\"fefd76e\" data-element_type=\"column\">\r\n\t\t\t<div class=\"elementor-widget-wrap elementor-element-populated\">\r\n\t\t\t\t\t\t\t\t<div class=\"elementor-element elementor-element-aab04b4 elementor-hidden-phone elementor-widget elementor-widget-image\" data-id=\"aab04b4\" data-element_type=\"widget\" data-widget_type=\"image.default\">\r\n\t\t\t\t<div class=\"elementor-widget-container\">\r\n\t\t\t\t\t\t\t\t\t\t\t\t\t\t\t<img width=\"1440\" height=\"700\" src=\"https:\/\/www.campero.com\/sincuenta\/wp-content\/uploads\/2021\/10\/SV-BannerV5-Desayunos-1440x700-1.png\" class=\"attachment-full size-full\" alt=\"\" loading=\"lazy\" srcset=\"https:\/\/www.campero.com\/sincuenta\/wp-content\/uploads\/2021\/10\/SV-BannerV5-Desayunos-1440x700-1.png 1440w, https:\/\/www.campero.com\/sincuenta\/wp-content\/uploads\/2021\/10\/SV-BannerV5-Desayunos-1440x700-1-300x146.png 300w, https:\/\/www.campero.com\/sincuenta\/wp-content\/uploads\/2021\/10\/SV-BannerV5-Desayunos-1440x700-1-1024x498.png 1024w, https:\/\/www.campero.com\/sincuenta\/wp-content\/uploads\/2021\/10\/SV-BannerV5-Desayunos-1440x700-1-768x373.png 768w\" sizes=\"(max-width: 1440px) 100vw, 1440px\" \/>\t\t\t\t\t\t\t\t\t\t\t\t\t\t\t<\/div>\r\n\t\t\t\t<\/div>\r\n\t\t\t\t<div class=\"elementor-element elementor-element-8fce33f elementor-hidden-desktop elementor-hidden-tablet elementor-widget elementor-widget-image\" data-id=\"8fce33f\" data-element_type=\"widget\" data-widget_type=\"image.default\">\r\n\t\t\t\t<div class=\"elementor-widget-container\">\r\n\t\t\t\t\t\t\t\t\t\t\t\t\t\t\t<img width=\"414\" height=\"600\" src=\"https:\/\/www.campero.com\/sincuenta\/wp-content\/uploads\/2021\/10\/SV-BannerV5-Desayunos-414x600-1.png\" class=\"attachment-full size-full\" alt=\"\" loading=\"lazy\" srcset=\"https:\/\/www.campero.com\/sincuenta\/wp-content\/uploads\/2021\/10\/SV-BannerV5-Desayunos-414x600-1.png 414w, https:\/\/www.campero.com\/sincuenta\/wp-content\/uploads\/2021\/10\/SV-BannerV5-Desayunos-414x600-1-207x300.png 207w\" sizes=\"(max-width: 414px) 100vw, 414px\" \/>\t\t\t\t\t\t\t\t\t\t\t\t\t\t\t<\/div>\r\n\t\t\t\t<\/div>\r\n\t\t\t\t\t<\/div>\r\n\t\t<\/div>\r\n\t\t\t\t\t\t\t<\/div>\r\n\t\t<\/section>\r\n\t\t\t\t<\/div>\r\n\t\t<\/div>\r\n\t\t\t\t\t\t\t\t<\/div>\r\n\t\t\t\t\t\t\t\t\t<\/div>\r\n\t\t<\/div>\r\n\t\t\t\t<\/div>\r\n\t\t\t\t<\/div>\r\n\t\t\t\t\t<\/div>\r\n\t\t<\/div>\r\n\t\t\t\t\t\t\t<\/div>\r\n\t\t<\/section>\r\n\t\t\t\t<section class=\"elementor-section elementor-top-section elementor-element elementor-element-34fba3e elementor-section-boxed elementor-section-height-default elementor-section-height-default\" data-id=\"34fba3e\" data-element_type=\"section\">\r\n\t\t\t\t\t\t<div class=\"elementor-container elementor-column-gap-no\">\r\n\t\t\t\t\t<div class=\"elementor-column elementor-col-100 elementor-top-column elementor-element elementor-element-4ac7176\" data-id=\"4ac7176\" data-element_type=\"column\">\r\n\t\t\t<div class=\"elementor-widget-wrap elementor-element-populated\">\r\n\t\t\t\t\t\t\t\t<div class=\"elementor-element elementor-element-ff80bb0 title-first-line elementor-invisible elementor-widget elementor-widget-heading\" data-id=\"ff80bb0\" data-element_type=\"widget\" data-settings=\"{&quot;_animation&quot;:&quot;fadeInUp&quot;}\" data-widget_type=\"heading.default\">\r\n\t\t\t\t<div class=\"elementor-widget-container\">\r\n\t\t\t<h2 class=\"elementor-heading-title elementor-size-default\">Para disfrutar<\/h2>\t\t<\/div>\r\n\t\t\t\t<\/div>\r\n\t\t\t\t<div class=\"elementor-element elementor-element-9962fd9 title-second-line elementor-invisible elementor-widget elementor-widget-heading\" data-id=\"9962fd9\" data-element_type=\"widget\" data-settings=\"{&quot;_animation&quot;:&quot;fadeInUp&quot;,&quot;_animation_delay&quot;:500}\" data-widget_type=\"heading.default\">\r\n\t\t\t\t<div class=\"elementor-widget-container\">\r\n\t\t\t<h2 class=\"elementor-heading-title elementor-size-default\">sin cuenta<\/h2>\t\t<\/div>\r\n\t\t\t\t<\/div>\r\n\t\t\t\t<section class=\"elementor-section elementor-inner-section elementor-element elementor-element-630710e elementor-section-boxed elementor-section-height-default elementor-section-height-default\" data-id=\"630710e\" data-element_type=\"section\">\r\n\t\t\t\t\t\t<div class=\"elementor-container elementor-column-gap-wider\">\r\n\t\t\t\t\t<div class=\"elementor-column elementor-col-50 elementor-inner-column elementor-element elementor-element-f8ce731\" data-id=\"f8ce731\" data-element_type=\"column\">\r\n\t\t\t<div class=\"elementor-widget-wrap elementor-element-populated\">\r\n\t\t\t\t\t\t\t\t<div class=\"elementor-element elementor-element-8badb04 elementor-invisible elementor-widget elementor-widget-image\" data-id=\"8badb04\" data-element_type=\"widget\" data-settings=\"{&quot;_animation&quot;:&quot;fadeInLeft&quot;}\" data-widget_type=\"image.default\">\r\n\t\t\t\t<div class=\"elementor-widget-container\">\r\n\t\t\t\t\t\t\t\t\t\t\t\t\t\t\t<img width=\"280\" height=\"167\" src=\"https:\/\/www.campero.com\/sincuenta\/wp-content\/uploads\/2021\/10\/SV-V5-Banquetazo-Banner280x167.png\" class=\"attachment-full size-full\" alt=\"\" loading=\"lazy\" \/>\t\t\t\t\t\t\t\t\t\t\t\t\t\t\t<\/div>\r\n\t\t\t\t<\/div>\r\n\t\t\t\t\t<\/div>\r\n\t\t<\/div>\r\n\t\t\t\t<div class=\"elementor-column elementor-col-50 elementor-inner-column elementor-element elementor-element-fe2df9d\" data-id=\"fe2df9d\" data-element_type=\"column\">\r\n\t\t\t<div class=\"elementor-widget-wrap elementor-element-populated\">\r\n\t\t\t\t\t\t\t\t<div class=\"elementor-element elementor-element-90e6841 elementor-invisible elementor-widget elementor-widget-image\" data-id=\"90e6841\" data-element_type=\"widget\" data-settings=\"{&quot;_animation&quot;:&quot;fadeInRight&quot;}\" data-widget_type=\"image.default\">\r\n\t\t\t\t<div class=\"elementor-widget-container\">\r\n\t\t\t\t\t\t\t\t\t\t\t\t\t\t\t<img width=\"280\" height=\"167\" src=\"https:\/\/www.campero.com\/sincuenta\/wp-content\/uploads\/2021\/10\/SV-BannerV5-Desayunos-280x167-1.png\" class=\"attachment-full size-full\" alt=\"\" loading=\"lazy\" \/>\t\t\t\t\t\t\t\t\t\t\t\t\t\t\t<\/div>\r\n\t\t\t\t<\/div>\r\n\t\t\t\t\t<\/div>\r\n\t\t<\/div>\r\n\t\t\t\t\t\t\t<\/div>\r\n\t\t<\/section>\r\n\t\t\t\t<section class=\"elementor-section elementor-inner-section elementor-element elementor-element-f366d43 elementor-hidden-desktop elementor-hidden-tablet elementor-hidden-phone elementor-section-boxed elementor-section-height-default elementor-section-height-default\" data-id=\"f366d43\" data-element_type=\"section\">\r\n\t\t\t\t\t\t<div class=\"elementor-container elementor-column-gap-wider\">\r\n\t\t\t\t\t<div class=\"elementor-column elementor-col-100 elementor-inner-column elementor-element elementor-element-e35cb96\" data-id=\"e35cb96\" data-element_type=\"column\">\r\n\t\t\t<div class=\"elementor-widget-wrap elementor-element-populated\">\r\n\t\t\t\t\t\t\t\t<div class=\"elementor-element elementor-element-0363bc2 elementor-widget elementor-widget-heading\" data-id=\"0363bc2\" data-element_type=\"widget\" data-widget_type=\"heading.default\">\r\n\t\t\t\t<div class=\"elementor-widget-container\">\r\n\t\t\t<h2 class=\"elementor-heading-title elementor-size-default\">T\u00e9rminos y condiciones<\/h2>\t\t<\/div>\r\n\t\t\t\t<\/div>\r\n\t\t\t\t<div class=\"elementor-element elementor-element-7553e32 elementor-widget elementor-widget-text-editor\" data-id=\"7553e32\" data-element_type=\"widget\" data-widget_type=\"text-editor.default\">\r\n\t\t\t\t<div class=\"elementor-widget-container\">\r\n\t\t\t\t\t\t\t<p><strong>4 panes gratis en la compra de Combo 8 PyC:<\/strong><\/p><ul><li>Aplica \u00fanicamente para Combo 8 piezas Piernas y muslos + 4 ensaladas + 4 panes + 4 panes gratis adicionales<\/li><li>S\u00f3lo aplica para Llevar, Autoservicio y domicilio<\/li><li>No aplica en aeropuerto<\/li><\/ul>\t\t\t\t\t\t<\/div>\r\n\t\t\t\t<\/div>\r\n\t\t\t\t<div class=\"elementor-element elementor-element-bec6cf1 elementor-widget elementor-widget-text-editor\" data-id=\"bec6cf1\" data-element_type=\"widget\" data-widget_type=\"text-editor.default\">\r\n\t\t\t\t<div class=\"elementor-widget-container\">\r\n\t\t\t\t\t\t\t<p><strong>Agrandado de papas GRATIS por tiempo limitado:<\/strong><\/p><ul><li>Aplica Men\u00fa Campero y S\u00faper Campero de Pollo, Alitas y Camperitos<\/li><li>Aplica \u00fanicamente en restaurantes, autoservicio y para llevar.<\/li><li>En caso del Men\u00fa S\u00faper Campero, solo aplica agrandado de 1 papa<\/li><li>V\u00e1lido del 2 al 15 de agosto 2021<\/li><\/ul>\t\t\t\t\t\t<\/div>\r\n\t\t\t\t<\/div>\r\n\t\t\t\t<div class=\"elementor-element elementor-element-00092c2 elementor-widget elementor-widget-text-editor\" data-id=\"00092c2\" data-element_type=\"widget\" data-widget_type=\"text-editor.default\">\r\n\t\t\t\t<div class=\"elementor-widget-container\">\r\n\t\t\t\t\t\t\t<p><strong>2 Vasos Coleccionables gratis:<\/strong><\/p><ul><li>V\u00e1lido en la compra de Combo Celebraci\u00f3n o S\u00faper banquetazo<\/li><li>V\u00e1lido mientras duren existencias<\/li><\/ul>\t\t\t\t\t\t<\/div>\r\n\t\t\t\t<\/div>\r\n\t\t\t\t<div class=\"elementor-element elementor-element-69d1bfc elementor-widget elementor-widget-text-editor\" data-id=\"69d1bfc\" data-element_type=\"widget\" data-widget_type=\"text-editor.default\">\r\n\t\t\t\t<div class=\"elementor-widget-container\">\r\n\t\t\t\t\t\t\t<p><strong>Doble huevo:<\/strong><\/p><ul><li>V\u00e1lido en: Men\u00fa de Muffin Tocino Chipotle, S\u00e1ndwich Campero de desayuno y Croissant de jam\u00f3n<\/li><li>La promoci\u00f3n aplica \u00fanicamente para men\u00fas.<\/li><li>V\u00e1lido por tiempo limitado<\/li><\/ul>\t\t\t\t\t\t<\/div>\r\n\t\t\t\t<\/div>\r\n\t\t\t\t\t<\/div>\r\n\t\t<\/div>\r\n\t\t\t\t\t\t\t<\/div>\r\n\t\t<\/section>\r\n\t\t\t\t\t<\/div>\r\n\t\t<\/div>\r\n\t\t\t\t\t\t\t<\/div>\r\n\t\t<\/section>\r\n\t\t\t\t<section class=\"elementor-section elementor-top-section elementor-element elementor-element-4659442 elementor-section-full_width elementor-section-height-default elementor-section-height-default\" data-id=\"4659442\" data-element_type=\"section\">\r\n\t\t\t\t\t\t<div class=\"elementor-container elementor-column-gap-no\">\r\n\t\t\t\t\t<div class=\"elementor-column elementor-col-100 elementor-top-column elementor-element elementor-element-8384506\" data-id=\"8384506\" data-element_type=\"column\">\r\n\t\t\t<div class=\"elementor-widget-wrap elementor-element-populated\">\r\n\t\t\t\t\t\t\t\t<div class=\"elementor-element elementor-element-aa9110d elementor-widget elementor-widget-template\" data-id=\"aa9110d\" data-element_type=\"widget\" data-widget_type=\"template.default\">\r\n\t\t\t\t<div class=\"elementor-widget-container\">\r\n\t\t\t\t\t<div class=\"elementor-template\">\r\n\t\t\t\t\t<div data-elementor-type=\"section\" data-elementor-id=\"2664\" class=\"elementor elementor-2664\" data-elementor-settings=\"[]\">\r\n\t\t<div class=\"elementor-section-wrap\">\r\n\t\t\t\t\t<section class=\"elementor-section elementor-top-section elementor-element elementor-element-7ad8e584 elementor-section-boxed elementor-section-height-default elementor-section-height-default\" data-id=\"7ad8e584\" data-element_type=\"section\" data-settings=\"{&quot;background_background&quot;:&quot;classic&quot;}\">\r\n\t\t\t\t\t\t\t<div class=\"elementor-background-overlay\"><\/div>\r\n\t\t\t\t\t\t\t<div class=\"elementor-container elementor-column-gap-default\">\r\n\t\t\t\t\t<div class=\"elementor-column elementor-col-50 elementor-top-column elementor-element elementor-element-7b86f19f\" data-id=\"7b86f19f\" data-element_type=\"column\">\r\n\t\t\t<div class=\"elementor-widget-wrap elementor-element-populated\">\r\n\t\t\t\t\t\t\t\t<div class=\"elementor-element elementor-element-2df9b1de elementor-invisible elementor-widget elementor-widget-heading\" data-id=\"2df9b1de\" data-element_type=\"widget\" data-settings=\"{&quot;_animation_mobile&quot;:&quot;fadeInUp&quot;,&quot;_animation&quot;:&quot;fadeInUp&quot;}\" data-widget_type=\"heading.default\">\r\n\t\t\t\t<div class=\"elementor-widget-container\">\r\n\t\t\t<h2 class=\"elementor-heading-title elementor-size-xxl\">\u00a1Suscr\u00edbete al <br>Sabor Campero!<\/h2>\t\t<\/div>\r\n\t\t\t\t<\/div>\r\n\t\t\t\t<div class=\"elementor-element elementor-element-5ca77c36 elementor-widget elementor-widget-text-editor\" data-id=\"5ca77c36\" data-element_type=\"widget\" data-widget_type=\"text-editor.default\">\r\n\t\t\t\t<div class=\"elementor-widget-container\">\r\n\t\t\t\t\t\t\t<p>Ent\u00e9rate sobre nuestras promociones, nuevos productos y mucho m\u00e1s.<\/p>\t\t\t\t\t\t<\/div>\r\n\t\t\t\t<\/div>\r\n\t\t\t\t<div class=\"elementor-element elementor-element-2a477027 newsletter-form elementor-button-align-stretch elementor-widget elementor-widget-form\" data-id=\"2a477027\" data-element_type=\"widget\" data-settings=\"{&quot;button_width&quot;:&quot;40&quot;,&quot;step_next_label&quot;:&quot;Next&quot;,&quot;step_previous_label&quot;:&quot;Previous&quot;,&quot;button_width_mobile&quot;:&quot;40&quot;,&quot;step_type&quot;:&quot;number_text&quot;,&quot;step_icon_shape&quot;:&quot;circle&quot;}\" data-widget_type=\"form.default\">\r\n\t\t\t\t<div class=\"elementor-widget-container\">\r\n\t\t\t\t\t<form class=\"elementor-form\" method=\"post\" name=\"Newsletter SV\">\r\n\t\t\t<input type=\"hidden\" name=\"post_id\" value=\"2664\"\/>\r\n\t\t\t<input type=\"hidden\" name=\"form_id\" value=\"2a477027\"\/>\r\n\t\t\t<input type=\"hidden\" name=\"referer_title\" value=\"\" \/>\r\n\r\n\t\t\t\r\n\t\t\t<div class=\"elementor-form-fields-wrapper elementor-labels-\">\r\n\t\t\t\t\t\t\t\t<div class=\"elementor-field-type-email elementor-field-group elementor-column elementor-field-group-email elementor-col-60 elementor-sm-60 elementor-field-required\">\r\n\t\t\t\t\t<label for=\"form-field-email\" class=\"elementor-field-label elementor-screen-only\">Email<\/label><input size=\"1\" type=\"email\" name=\"form_fields[email]\" id=\"form-field-email\" class=\"elementor-field elementor-size-sm  elementor-field-textual\" placeholder=\"Ingresa tu correo aqu\u00ed\" required=\"required\" aria-required=\"true\">\t\t\t\t<\/div>\r\n\t\t\t\t\t\t\t\t<div class=\"elementor-field-group elementor-column elementor-field-type-submit elementor-col-40 e-form__buttons elementor-sm-40\">\r\n\t\t\t\t\t<button type=\"submit\" class=\"elementor-button elementor-size-sm\">\r\n\t\t\t\t\t\t<span >\r\n\t\t\t\t\t\t\t\t\t\t\t\t\t\t\t<span class=\" elementor-button-icon\">\r\n\t\t\t\t\t\t\t\t\t\t\t\t\t\t\t\t\t\t\t\t\t\t\t\t\t\t<\/span>\r\n\t\t\t\t\t\t\t\t\t\t\t\t\t\t\t\t\t\t\t\t\t\t<span class=\"elementor-button-text\">Suscribirme<\/span>\r\n\t\t\t\t\t\t\t\t\t\t\t\t\t<\/span>\r\n\t\t\t\t\t<\/button>\r\n\t\t\t\t<\/div>\r\n\t\t\t<\/div>\r\n\t\t<\/form>\r\n\t\t\t\t<\/div>\r\n\t\t\t\t<\/div>\r\n\t\t\t\t\t<\/div>\r\n\t\t<\/div>\r\n\t\t\t\t<div class=\"elementor-column elementor-col-50 elementor-top-column elementor-element elementor-element-6e5ae12e\" data-id=\"6e5ae12e\" data-element_type=\"column\">\r\n\t\t\t<div class=\"elementor-widget-wrap elementor-element-populated\">\r\n\t\t\t\t\t\t\t\t<div class=\"elementor-element elementor-element-4354c1de elementor-hidden-desktop elementor-hidden-tablet elementor-hidden-phone elementor-widget elementor-widget-image\" data-id=\"4354c1de\" data-element_type=\"widget\" data-settings=\"{&quot;motion_fx_motion_fx_mouse&quot;:&quot;yes&quot;,&quot;motion_fx_mouseTrack_effect&quot;:&quot;yes&quot;,&quot;motion_fx_mouseTrack_speed&quot;:{&quot;unit&quot;:&quot;px&quot;,&quot;size&quot;:0.3,&quot;sizes&quot;:[]},&quot;_animation_mobile&quot;:&quot;bounceIn&quot;}\" data-widget_type=\"image.default\">\r\n\t\t\t\t<div class=\"elementor-widget-container\">\r\n\t\t\t\t\t\t\t\t\t\t\t\t\t\t\t<img width=\"460\" height=\"360\" src=\"https:\/\/www.campero.com\/sincuenta\/wp-content\/uploads\/2021\/04\/FooterPromocionSV-1.png\" class=\"attachment-large size-large\" alt=\"\" loading=\"lazy\" srcset=\"https:\/\/www.campero.com\/sincuenta\/wp-content\/uploads\/2021\/04\/FooterPromocionSV-1.png 460w, https:\/\/www.campero.com\/sincuenta\/wp-content\/uploads\/2021\/04\/FooterPromocionSV-1-300x235.png 300w\" sizes=\"(max-width: 460px) 100vw, 460px\" \/>\t\t\t\t\t\t\t\t\t\t\t\t\t\t\t<\/div>\r\n\t\t\t\t<\/div>\r\n\t\t\t\t\t<\/div>\r\n\t\t<\/div>\r\n\t\t\t\t\t\t\t<\/div>\r\n\t\t<\/section>\r\n\t\t\t\t<\/div>\r\n\t\t<\/div>\r\n\t\t\t\t<\/div>\r\n\t\t\t\t<\/div>\r\n\t\t\t\t<\/div>\r\n\t\t\t\t\t<\/div>\r\n\t\t<\/div>\r\n\t\t\t\t\t\t\t<\/div>\r\n\t\t<\/section>\r\n\t\t\t\t\t\t<\/div>\r\n\t\t\t\t\t<\/div>\r\n\t\t","protected":false},"excerpt":{"rendered":"<p>Para disfrutar sin cuenta T\u00e9rminos y condiciones 4 panes gratis en la compra de Combo 8 PyC: Aplica \u00fanicamente para Combo 8 piezas Piernas y muslos + 4 ensaladas + 4 panes + 4 panes gratis adicionales S\u00f3lo aplica para Llevar, Autoservicio y domicilio No aplica en aeropuerto Agrandado de papas GRATIS por tiempo limitado: [&hellip;]<\/p>\n","protected":false},"author":1,"featured_media":0,"parent":2622,"menu_order":0,"comment_status":"closed","ping_status":"closed","template":"","meta":[],"_links":{"self":[{"href":"https:\/\/www.campero.com\/sincuenta\/index.php?rest_route=\/wp\/v2\/pages\/2673"}],"collection":[{"href":"https:\/\/www.campero.com\/sincuenta\/index.php?rest_route=\/wp\/v2\/pages"}],"about":[{"href":"https:\/\/www.campero.com\/sincuenta\/index.php?rest_route=\/wp\/v2\/types\/page"}],"author":[{"embeddable":true,"href":"https:\/\/www.campero.com\/sincuenta\/index.php?rest_route=\/wp\/v2\/users\/1"}],"replies":[{"embeddable":true,"href":"https:\/\/www.campero.com\/sincuenta\/index.php?rest_route=%2Fwp%2Fv2%2Fcomments&post=2673"}],"version-history":[{"count":121,"href":"https:\/\/www.campero.com\/sincuenta\/index.php?rest_route=\/wp\/v2\/pages\/2673\/revisions"}],"predecessor-version":[{"id":9475,"href":"https:\/\/www.campero.com\/sincuenta\/index.php?rest_route=\/wp\/v2\/pages\/2673\/revisions\/9475"}],"up":[{"embeddable":true,"href":"https:\/\/www.campero.com\/sincuenta\/index.php?rest_route=\/wp\/v2\/pages\/2622"}],"wp:attachment":[{"href":"https:\/\/www.campero.com\/sincuenta\/index.php?rest_route=%2Fwp%2Fv2%2Fmedia&parent=2673"}],"curies":[{"name":"wp","href":"https:\/\/api.w.org\/{rel}","templated":true}]}}